{"id":7,"date":"2020-11-01T08:53:12","date_gmt":"2020-11-01T08:53:12","guid":{"rendered":"http:\/\/wiho.uber.space\/?page_id=7"},"modified":"2026-03-24T20:46:32","modified_gmt":"2026-03-24T19:46:32","slug":"bowspring-yoga","status":"publish","type":"page","link":"https:\/\/wihoyoga.com\/","title":{"rendered":"Home"},"content":{"rendered":"\n<div class=\"wp-block-group alignwide\"><div class=\"wp-block-group__inner-container is-layout-flow wp-block-group-is-layout-flow\">\n<p><strong>W <\/strong>irkungsvoll &#8211; mind+body changer<\/p>\n\n\n\n<p><strong>I <\/strong>nspirierend &#8211; kreativ motivierend<\/p>\n\n\n\n<p><strong>H <\/strong>ilfreich &#8211; bei Einschr\u00e4nkungen <\/p>\n\n\n\n<p><strong>O <\/strong>M &#8211; vitalisierend und entspannend<\/p>\n\n\n\n<p>Hallo und herzlich willkommen auf meiner Webseite, die ohne KI und ganz pers\u00f6nlich erstellt wurde und regelm\u00e4ssig aktualisiert wird. Komm mit auf eine Reise. Lass dich mobilisieren, st\u00e4rken und entspannen. Ich nehme dich mit zum weiten Raum des Selbstbewusstseins, in dem das Urvertrauen den Weg ebnet. Manchmal m\u00fcssen wir klettern oder tief hinabsteigen um in der Landschaft der Gef\u00fchle Erfahrungen zu verstehen, die den Horizont erweitern und den Blick auf die Welt ver\u00e4ndern.<\/p>\n\n\n\n<p>Wihoyoga beinhaltet meinen pers\u00f6nlichen Unterrichtsstil. Gepr\u00e4gt von einer musikalisch &#8211; k\u00fcnstlerischen Laufbahn f\u00fchrte mich mein Yogaweg mit positivem K\u00f6rperbewusstsein zum kreativ unersch\u00f6pflichen Pool an funktionellen K\u00f6rperbewegungen fern von akrobatischen oder sportlichen Ambitionen.<\/p>\n\n\n\n<p>Nach \u00fcber zwanzig Jahren, in denen ich in zahlreichen Yogastudios unz\u00e4hlige Klassen und Sch\u00fcler unterrichtet habe, widme ich mich heute vorwiegend dem Einzelunterricht und leite kleine Gruppen, die ich pers\u00f6nlicher und nachhaltiger betreuen kann. Seit einigen Jahren begleite ich Sch\u00fcler bis ins hohe Alter. Dabei spielen individuell angepasste \u00dcbungen eine zunehmende Rolle im Umgang mit Einschr\u00e4nkungen und M\u00f6glichkeiten.<\/p>\n\n\n\n<p>Von der Bowspring Methode inspiriert, lehre ich eine dynamische, st\u00e4rkende und befreiende Yogapraxis, in der Bewegung auf allen Ebenen unsrer M\u00f6glichkeiten hilft uns selbst zu verstehen und zu erkennen. Hormon Balance und Faszien Gesundheit sind aktuelle Themen meines Unterrichts.<\/p>\n\n\n\n<p>Es ist mir eine Herzensangelegenheit und Berufung euch mitzunehmen auf diese Reise, um Sein und Bewusstsein zu zelebrieren. <em>Wiebke Holler<\/em>, <em>Yoga + Bewegungscouch seit 2004<\/em><\/p>\n<\/div><\/div>\n\n\n\n<figure class=\"wp-block-image size-large\"><img loading=\"lazy\" decoding=\"async\" width=\"1024\" height=\"768\" src=\"http:\/\/wiho.uber.space\/wp-content\/uploads\/2020\/11\/IMG_8590-1024x768.jpg\" alt=\"\" class=\"wp-image-40\" srcset=\"https:\/\/wihoyoga.com\/wp-content\/uploads\/2020\/11\/IMG_8590-1024x768.jpg 1024w, https:\/\/wihoyoga.com\/wp-content\/uploads\/2020\/11\/IMG_8590-300x225.jpg 300w, https:\/\/wihoyoga.com\/wp-content\/uploads\/2020\/11\/IMG_8590-768x576.jpg 768w, https:\/\/wihoyoga.com\/wp-content\/uploads\/2020\/11\/IMG_8590-1536x1152.jpg 1536w, https:\/\/wihoyoga.com\/wp-content\/uploads\/2020\/11\/IMG_8590-1200x900.jpg 1200w, https:\/\/wihoyoga.com\/wp-content\/uploads\/2020\/11\/IMG_8590.jpg 1632w\" sizes=\"auto, (max-width: 1024px) 100vw, 1024px\" \/><figcaption class=\"wp-element-caption\">Hier praktizieren wir in meinen Menorca Retreats auf der Finca Santa Teresa<\/figcaption><\/figure>\n\n\n\n<h2 class=\"wp-block-heading\">Workshop in M\u00fcnchen am 14.05.2026<\/h2>\n\n\n\n<figure class=\"wp-block-image size-large\"><img loading=\"lazy\" decoding=\"async\" width=\"724\" height=\"1024\" src=\"https:\/\/wihoyoga.com\/wp-content\/uploads\/2026\/03\/kreativer-BOWSPRING-WORKSHOP-mit-Wiebke-6-pdf-724x1024.jpg\" alt=\"\" class=\"wp-image-1821\"\/><\/figure>\n\n\n\n<h2 class=\"wp-block-heading\">Workshop in K\u00f6ln am 21.+ 22.05.2026<\/h2>\n\n\n\n<figure class=\"wp-block-image size-large\"><img loading=\"lazy\" decoding=\"async\" width=\"724\" height=\"1024\" src=\"https:\/\/wihoyoga.com\/wp-content\/uploads\/2026\/03\/VITAMIN-DOPAMIN-WS-pdf-724x1024.jpg\" alt=\"\" class=\"wp-image-1814\"\/><\/figure>\n","protected":false},"excerpt":{"rendered":"<p>W irkungsvoll &#8211; mind+body changer I nspirierend &#8211; kreativ motivierend H ilfreich &#8211; bei Einschr\u00e4nkungen O M &#8211; vitalisierend und entspannend Hallo und herzlich willkommen auf meiner Webseite, die ohne KI und ganz pers\u00f6nlich erstellt wurde und regelm\u00e4ssig aktualisiert wird. Komm mit auf eine Reise. Lass dich mobilisieren, st\u00e4rken und entspannen. Ich nehme dich mit zum weiten Raum des Selbstbewusstseins, in dem das Urvertrauen den Weg ebnet. Manchmal m\u00fcssen wir klettern oder tief hinabsteigen um in der Landschaft der Gef\u00fchle Erfahrungen zu verstehen, die den Horizont erweitern und den Blick auf die Welt ver\u00e4ndern. Wihoyoga beinhaltet meinen pers\u00f6nlichen Unterrichtsstil. Gepr\u00e4gt von einer musikalisch &#8211; k\u00fcnstlerischen Laufbahn f\u00fchrte mich mein Yogaweg mit positivem K\u00f6rperbewusstsein zum kreativ unersch\u00f6pflichen Pool an funktionellen K\u00f6rperbewegungen fern von akrobatischen oder sportlichen Ambitionen. Nach \u00fcber zwanzig Jahren, in denen ich in zahlreichen Yogastudios unz\u00e4hlige Klassen und Sch\u00fcler unterrichtet habe, widme ich mich heute vorwiegend dem Einzelunterricht und leite kleine Gruppen, die ich pers\u00f6nlicher und nachhaltiger betreuen kann. Seit einigen Jahren begleite ich Sch\u00fcler bis ins hohe Alter. Dabei spielen individuell angepasste \u00dcbungen eine zunehmende Rolle im Umgang mit Einschr\u00e4nkungen und M\u00f6glichkeiten. Von der Bowspring Methode inspiriert, lehre ich eine dynamische, st\u00e4rkende und befreiende Yogapraxis, in der Bewegung auf allen Ebenen unsrer M\u00f6glichkeiten hilft uns selbst zu verstehen und zu erkennen. Hormon Balance und Faszien Gesundheit sind aktuelle Themen meines Unterrichts. Es ist mir eine Herzensangelegenheit und Berufung euch mitzunehmen auf diese Reise, um Sein und Bewusstsein zu zelebrieren. Wiebke Holler, Yoga + Bewegungscouch seit 2004 Workshop in M\u00fcnchen am 14.05.2026 Workshop in K\u00f6ln am 21.+ 22.05.2026<\/p>\n","protected":false},"author":4,"featured_media":0,"parent":0,"menu_order":1,"comment_status":"closed","ping_status":"closed","template":"","meta":{"ngg_post_thumbnail":0,"footnotes":""},"class_list":["post-7","page","type-page","status-publish","hentry"],"_links":{"self":[{"href":"https:\/\/wihoyoga.com\/index.php?rest_route=\/wp\/v2\/pages\/7","targetHints":{"allow":["GET"]}}],"collection":[{"href":"https:\/\/wihoyoga.com\/index.php?rest_route=\/wp\/v2\/pages"}],"about":[{"href":"https:\/\/wihoyoga.com\/index.php?rest_route=\/wp\/v2\/types\/page"}],"author":[{"embeddable":true,"href":"https:\/\/wihoyoga.com\/index.php?rest_route=\/wp\/v2\/users\/4"}],"replies":[{"embeddable":true,"href":"https:\/\/wihoyoga.com\/index.php?rest_route=%2Fwp%2Fv2%2Fcomments&post=7"}],"version-history":[{"count":73,"href":"https:\/\/wihoyoga.com\/index.php?rest_route=\/wp\/v2\/pages\/7\/revisions"}],"predecessor-version":[{"id":1865,"href":"https:\/\/wihoyoga.com\/index.php?rest_route=\/wp\/v2\/pages\/7\/revisions\/1865"}],"wp:attachment":[{"href":"https:\/\/wihoyoga.com\/index.php?rest_route=%2Fwp%2Fv2%2Fmedia&parent=7"}],"curies":[{"name":"wp","href":"https:\/\/api.w.org\/{rel}","templated":true}]}}