{"id":534,"date":"2020-11-10T08:59:41","date_gmt":"2020-11-10T08:59:41","guid":{"rendered":"http:\/\/wiho.uber.space\/?page_id=534"},"modified":"2024-06-20T22:34:17","modified_gmt":"2024-06-20T21:34:17","slug":"vita","status":"publish","type":"page","link":"https:\/\/wihoyoga.com\/?page_id=534","title":{"rendered":"Vita"},"content":{"rendered":"\n<p>MUSIK &#8211; KUNST &#8211; THEATER &#8211; YOGA &#8211; REISEN &#8211; FASCIA HEALTH MOVEMENT<\/p>\n\n\n\n<h2 class=\"wp-block-heading\" id=\"ausbildung-und-beruflicher-werdegang\">Ausbildung und beruflicher Werdegang<\/h2>\n\n\n\n<ul class=\"wp-block-list\">\n<li>Mit sieben Jahren beginne ich Violine zu spielen.<\/li>\n\n\n\n<li>Nach dem Abitur verlasse ich Elternhaus und Heimatort und schlie\u00dfe eine zweij\u00e4hrigen Ausbildung zur staatl. gepr\u00fcften Gestaltungstechnischen Assistentin mit Schwerpunkt Objektgestaltung (Holz- und Metallgestaltung) in Aachen ab. Es folgen drei Jahre Studium an der Akademie der Bildenden K\u00fcnste\u00a0 NL \u2013 Maastricht.<\/li>\n\n\n\n<li>1998 wechsle ich an die Kunsthochschule Berlin-Weissensee.<\/li>\n\n\n\n<li>2003 Abschluss: Dipl. B\u00fchnen- und Kost\u00fcmbildnerin<\/li>\n\n\n\n<li>1999 &#8211; 2007 Szenografie und Kost\u00fcmdesign f\u00fcr Ausstellungen, Theater-, Film- und Eventproduktionen.<\/li>\n<\/ul>\n\n\n\n<ul class=\"wp-block-list\">\n<li>2004 &#8211; 2009 Yogalehrer Ausbildung (500 h) in englisch + deutsch<\/li>\n\n\n\n<li>2007 &#8211; 2015 Lizens zur Hatha Yogalehrerin&nbsp;Anusara inspiriert <\/li>\n\n\n\n<li>2007 IHK-Zertifikationlehrgang absolviert, Yogalehrerin IHK<\/li>\n\n\n\n<li>2010 Hormon-Yoga Lehrgang<\/li>\n\n\n\n<li>2013 Gr\u00fcndung des KIRTAN PUJA KULA PROJEKT f\u00fcr&nbsp;Soulsound Meditation<\/li>\n\n\n\n<li>Seit 2015 Dedicated Bowspring Teacher for mind-body health<\/li>\n\n\n\n<li>Seit 2020 Online Studies: Fascia Anatomy &amp; Functional Embodied Movement<\/li>\n\n\n\n<li>Erfahrung und Spezialisierung auf Menschen mit eingeschr\u00e4nkter Mobilit\u00e4t und Energie Dysbalancen<\/li>\n<\/ul>\n\n\n\n<h2 class=\"wp-block-heading\" id=\"selbststandige-yoga-lehrtatigkeit-seit-2005\">Selbstst\u00e4ndige Yogalehrt\u00e4tigkeit seit 2005<\/h2>\n\n\n\n<ul class=\"wp-block-list\">\n<li>Gruppen- und Einzelunterricht f\u00fcr Anf\u00e4nger, Fortgeschrittene, R\u00fcckenpatienten, Schwangere, Senioren, Hormon Dysbalancen, Stress- und Traumapatienten, Menschen mit eingeschr\u00e4nkter Mobilit\u00e4t.<\/li>\n\n\n\n<li>seit 2007 Yoga Fitness-Programm zur Kr\u00e4ftigung und Mobilit\u00e4t<\/li>\n\n\n\n<li>seit 2008 Yoga Gesundheitsprogramme bei Einschr\u00e4nkungen, Verspannungen, Schmerzen<\/li>\n\n\n\n<li>seit 2009 Restorative Yoga Entspannungs-Programme bei Stress, Ersch\u00f6pfung, Burn-Out<\/li>\n\n\n\n<li>seit 2013 Soundmeditation zur Aufl\u00f6sung geistiger und emotionaler Blockaden<\/li>\n\n\n\n<li>seit 2015 Leitung selbstverwalteter Yoga Retreats auf Menorca<\/li>\n\n\n\n<li>seit 2020 Fascia Health Movement Online Kurse und Unterrichtsvideos<\/li>\n<\/ul>\n\n\n\n<h2 class=\"wp-block-heading\" id=\"lehrtatigkeit-in-yogastudios\">Lehrt\u00e4tigkeit in Yogastudios<\/h2>\n\n\n\n<ul class=\"wp-block-list\">\n<li>2005 &#8211; 2012 City.Yoga Berlin Anusara Ausbildungsinstitut f\u00fcr Yoga und Yogatherapie<\/li>\n\n\n\n<li>2006 &#8211; 2008 Panta Rhei, Berlin<\/li>\n\n\n\n<li>2010 &#8211; 2011 Yoga Zentrum Heidelberg<\/li>\n\n\n\n<li>2010 &#8211; 2015 YogaCircle Berlin Academy<\/li>\n\n\n\n<li>2011 Caramba tanz&amp;co.<\/li>\n\n\n\n<li>2011 &#8211; 2013 Yuj Yoga, Berlin<\/li>\n\n\n\n<li>2017 &#8211; 2018 Mein Yoga Moabit<\/li>\n\n\n\n<li>2018 Vertretung im Omyo Bowspring Zentrum Engabrunn, \u00d6sterreich<\/li>\n\n\n\n<li>2010 &#8211; 2019&nbsp; Sinnlicht Yogazentrum, Berlin<\/li>\n\n\n\n<li>2013 &#8211; 2019&nbsp; Yogatribe, Berlin<\/li>\n<\/ul>\n\n\n\n<h2 class=\"wp-block-heading\" id=\"business-yoga-kurse\">Business Yoga Kurse<\/h2>\n\n\n\n<ul class=\"wp-block-list\">\n<li>2008 Gesundheitsvorsorge f\u00fcr Versicherte der Salus BKK<\/li>\n\n\n\n<li>2016 Faszien Gesundheit f\u00fcr Mitarbeiter im Haus der kleinen Forscher&nbsp;<\/li>\n\n\n\n<li>2017 Prenatal Yoga im Familienzentrum Tietzia&nbsp;&nbsp;&nbsp;&nbsp;&nbsp;&nbsp;&nbsp;&nbsp;&nbsp;&nbsp;&nbsp;&nbsp;&nbsp;&nbsp;&nbsp;&nbsp;&nbsp;&nbsp;&nbsp;&nbsp;&nbsp;&nbsp;&nbsp;&nbsp;&nbsp;&nbsp;&nbsp;&nbsp;&nbsp;&nbsp;&nbsp;&nbsp;&nbsp;&nbsp;&nbsp;&nbsp;&nbsp;&nbsp;&nbsp;&nbsp;&nbsp;&nbsp;&nbsp;&nbsp;&nbsp;<\/li>\n\n\n\n<li>2015 &#8211; 2021 Yoga im Firmen-Fitness Programm bei Brahms GmbH\/ Thermo Fisher Scientific<\/li>\n\n\n\n<li>2016 &#8211; 2020 Betriebsyoga bei Novafilm&nbsp;Fernsehproduktion GmbH<\/li>\n\n\n\n<li>2022 Bewegungsprogramm f\u00fcr Dkis l\u00e4nder\u00fcbergreifenden LiGa Fachtag <\/li>\n<\/ul>\n\n\n\n<h2 class=\"wp-block-heading\" id=\"fortbildungen-und-reisen\">Fortbildungen und Reisen<\/h2>\n\n\n\n<ul class=\"wp-block-list\">\n<li>2003 &#8211; 2013 Anusara Yoga + Yoga Therapie<\/li>\n\n\n\n<li>2005 &#8211; 2010 Anatomie und Physiologie<\/li>\n\n\n\n<li>2006 &#8211; 2014 Pranayama und Meditation: Anthony Lobo, Max Strom<\/li>\n\n\n\n<li>2007 &#8211; 2010 Tantrische Kosmologie und Sanskrit: Carlos Pomeda<\/li>\n\n\n\n<li>2007 &#8211; 2012 Thai Yoga Bodymassage: Karl Straub<\/li>\n\n\n\n<li>2008 &#8211; 2017 Iyengar Yoga: Nikki Costello, Chantal Leroy<\/li>\n\n\n\n<li>2012 &#8211; 2015 Rajanaka Yoga \/Tantrische Philosophie: Dr. Douglas Brooks<\/li>\n\n\n\n<li>2014&nbsp; 01-04 Hindu Mythologie: Pilgerreise durch 108 Tempel in S\u00fcdindien<\/li>\n\n\n\n<li>2014 Yoga Research Society: 40. Konferenz in Philadelphia, PA, USA<\/li>\n\n\n\n<li>2015 &#8211; 2019 Bowspring method for mind-body health: Desi Springer, John Friend, Christy Punnet<\/li>\n\n\n\n<li>2012 \/ 2018 \/ 2019 \/ 2020 Maya Research Project: Forschungsreisen durch Mexico, Belize und Guatemala <\/li>\n\n\n\n<li>2020 -2024 Online Studies: Fascia &amp; Functional Embodied Movement <\/li>\n<\/ul>\n\n\n\n<figure class=\"wp-block-image size-large is-resized\"><img loading=\"lazy\" decoding=\"async\" width=\"1024\" height=\"768\" src=\"https:\/\/wihoyoga.com\/wp-content\/uploads\/2020\/11\/Olmekenkopf-1024x768.jpg\" alt=\"\" class=\"wp-image-689\" srcset=\"https:\/\/wihoyoga.com\/wp-content\/uploads\/2020\/11\/Olmekenkopf-1024x768.jpg 1024w, https:\/\/wihoyoga.com\/wp-content\/uploads\/2020\/11\/Olmekenkopf-300x225.jpg 300w, https:\/\/wihoyoga.com\/wp-content\/uploads\/2020\/11\/Olmekenkopf-768x576.jpg 768w, https:\/\/wihoyoga.com\/wp-content\/uploads\/2020\/11\/Olmekenkopf-1536x1152.jpg 1536w, https:\/\/wihoyoga.com\/wp-content\/uploads\/2020\/11\/Olmekenkopf-2048x1536.jpg 2048w, https:\/\/wihoyoga.com\/wp-content\/uploads\/2020\/11\/Olmekenkopf-1140x855.jpg 1140w\" sizes=\"auto, (max-width: 1024px) 100vw, 1024px\" \/><figcaption class=\"wp-element-caption\">Wiebke am Steinkopf der Olmeken in La Venta, Tabasco, Mexico 2012<\/figcaption><\/figure>\n\n\n\n<p><\/p>\n","protected":false},"excerpt":{"rendered":"<p>MUSIK &#8211; KUNST &#8211; THEATER &#8211; YOGA &#8211; REISEN &#8211; FASCIA HEALTH MOVEMENT Ausbildung und beruflicher Werdegang Selbstst\u00e4ndige Yogalehrt\u00e4tigkeit seit 2005 Lehrt\u00e4tigkeit in Yogastudios Business Yoga Kurse Fortbildungen und Reisen<\/p>\n","protected":false},"author":3,"featured_media":0,"parent":0,"menu_order":13,"comment_status":"closed","ping_status":"closed","template":"","meta":{"ngg_post_thumbnail":0,"footnotes":""},"class_list":["post-534","page","type-page","status-publish","hentry"],"_links":{"self":[{"href":"https:\/\/wihoyoga.com\/index.php?rest_route=\/wp\/v2\/pages\/534","targetHints":{"allow":["GET"]}}],"collection":[{"href":"https:\/\/wihoyoga.com\/index.php?rest_route=\/wp\/v2\/pages"}],"about":[{"href":"https:\/\/wihoyoga.com\/index.php?rest_route=\/wp\/v2\/types\/page"}],"author":[{"embeddable":true,"href":"https:\/\/wihoyoga.com\/index.php?rest_route=\/wp\/v2\/users\/3"}],"replies":[{"embeddable":true,"href":"https:\/\/wihoyoga.com\/index.php?rest_route=%2Fwp%2Fv2%2Fcomments&post=534"}],"version-history":[{"count":36,"href":"https:\/\/wihoyoga.com\/index.php?rest_route=\/wp\/v2\/pages\/534\/revisions"}],"predecessor-version":[{"id":1659,"href":"https:\/\/wihoyoga.com\/index.php?rest_route=\/wp\/v2\/pages\/534\/revisions\/1659"}],"wp:attachment":[{"href":"https:\/\/wihoyoga.com\/index.php?rest_route=%2Fwp%2Fv2%2Fmedia&parent=534"}],"curies":[{"name":"wp","href":"https:\/\/api.w.org\/{rel}","templated":true}]}}