{"id":526,"date":"2020-11-09T08:49:03","date_gmt":"2020-11-09T08:49:03","guid":{"rendered":"http:\/\/wiho.uber.space\/?page_id=526"},"modified":"2020-11-15T03:01:46","modified_gmt":"2020-11-15T02:01:46","slug":"philosophie","status":"publish","type":"page","link":"https:\/\/wihoyoga.com\/?page_id=526","title":{"rendered":"Unterrichtsphilosophie"},"content":{"rendered":"\n<p>Es ist mir wichtig, dass ihr vertrauen gewinnt in eure F\u00e4higkeiten und M\u00f6glichkeiten. Daf\u00fcr gebe ich allgemeine und individuelle Hilfestellungen und den Raum eine gesunde Haltung zu sich selbst einzunehmen. <\/p>\n\n\n\n<p>In meinem Unterricht lernt ihr immer wieder neue Varianten, euch zu bewegen, zu halten und zu begegnen. Ihr k\u00f6nnt in meinen Kursen voll und ganz ihr selbst sein, ohne etwas erf\u00fcllen zu m\u00fcssen. Dabei lernt ihr, k\u00f6rperliche Fehlhaltungen zu vermeiden oder Beschwerden im R\u00fccken und in den Gelenken zu vermindern.<\/p>\n\n\n\n<p>Die k\u00f6rperliche Herausforderung, Konzentration und Entspannung hat eine direkte Wirkung auf das Nervensystem. Gedanken und Gef\u00fchle ver\u00e4ndern sich. Eine St\u00e4rkung der Nerven und des Selbstwertgef\u00fchls hilft emotionale Blockaden sowie Stress abzubauen.<\/p>\n\n\n\n<figure class=\"wp-block-image size-large\"><img loading=\"lazy\" decoding=\"async\" width=\"1024\" height=\"680\" src=\"http:\/\/wiho.uber.space\/wp-content\/uploads\/2020\/11\/P1410811-1024x680.jpg\" alt=\"\" class=\"wp-image-81\" srcset=\"https:\/\/wihoyoga.com\/wp-content\/uploads\/2020\/11\/P1410811-1024x680.jpg 1024w, https:\/\/wihoyoga.com\/wp-content\/uploads\/2020\/11\/P1410811-300x199.jpg 300w, https:\/\/wihoyoga.com\/wp-content\/uploads\/2020\/11\/P1410811-768x510.jpg 768w, https:\/\/wihoyoga.com\/wp-content\/uploads\/2020\/11\/P1410811-1536x1020.jpg 1536w, https:\/\/wihoyoga.com\/wp-content\/uploads\/2020\/11\/P1410811-1200x797.jpg 1200w, https:\/\/wihoyoga.com\/wp-content\/uploads\/2020\/11\/P1410811-1980x1315.jpg 1980w, https:\/\/wihoyoga.com\/wp-content\/uploads\/2020\/11\/P1410811.jpg 2048w\" sizes=\"auto, (max-width: 1024px) 100vw, 1024px\" \/><figcaption>Wiebke gibt Hilfestellung auf der Yogaterrasse, Menorca Retreat 2017<\/figcaption><\/figure>\n","protected":false},"excerpt":{"rendered":"<p>Es ist mir wichtig, dass ihr vertrauen gewinnt in eure F\u00e4higkeiten und M\u00f6glichkeiten. Daf\u00fcr gebe ich allgemeine und individuelle Hilfestellungen und den Raum eine gesunde Haltung zu sich selbst einzunehmen. In meinem Unterricht lernt ihr immer wieder neue Varianten, euch zu bewegen, zu halten und zu begegnen. Ihr k\u00f6nnt in meinen Kursen voll und ganz ihr selbst sein, ohne etwas erf\u00fcllen zu m\u00fcssen. Dabei lernt ihr, k\u00f6rperliche Fehlhaltungen zu vermeiden oder Beschwerden im R\u00fccken und in den Gelenken zu vermindern. Die k\u00f6rperliche Herausforderung, Konzentration und Entspannung hat eine direkte Wirkung auf das Nervensystem. Gedanken und Gef\u00fchle ver\u00e4ndern sich. Eine St\u00e4rkung der Nerven und des Selbstwertgef\u00fchls hilft emotionale Blockaden sowie Stress abzubauen.<\/p>\n","protected":false},"author":3,"featured_media":69,"parent":0,"menu_order":0,"comment_status":"closed","ping_status":"closed","template":"","meta":{"ngg_post_thumbnail":0,"footnotes":""},"class_list":["post-526","page","type-page","status-publish","has-post-thumbnail","hentry"],"_links":{"self":[{"href":"https:\/\/wihoyoga.com\/index.php?rest_route=\/wp\/v2\/pages\/526","targetHints":{"allow":["GET"]}}],"collection":[{"href":"https:\/\/wihoyoga.com\/index.php?rest_route=\/wp\/v2\/pages"}],"about":[{"href":"https:\/\/wihoyoga.com\/index.php?rest_route=\/wp\/v2\/types\/page"}],"author":[{"embeddable":true,"href":"https:\/\/wihoyoga.com\/index.php?rest_route=\/wp\/v2\/users\/3"}],"replies":[{"embeddable":true,"href":"https:\/\/wihoyoga.com\/index.php?rest_route=%2Fwp%2Fv2%2Fcomments&post=526"}],"version-history":[{"count":8,"href":"https:\/\/wihoyoga.com\/index.php?rest_route=\/wp\/v2\/pages\/526\/revisions"}],"predecessor-version":[{"id":707,"href":"https:\/\/wihoyoga.com\/index.php?rest_route=\/wp\/v2\/pages\/526\/revisions\/707"}],"wp:featuredmedia":[{"embeddable":true,"href":"https:\/\/wihoyoga.com\/index.php?rest_route=\/wp\/v2\/media\/69"}],"wp:attachment":[{"href":"https:\/\/wihoyoga.com\/index.php?rest_route=%2Fwp%2Fv2%2Fmedia&parent=526"}],"curies":[{"name":"wp","href":"https:\/\/api.w.org\/{rel}","templated":true}]}}