{"id":384,"date":"2020-11-04T12:25:40","date_gmt":"2020-11-04T12:25:40","guid":{"rendered":"http:\/\/wiho.uber.space\/?page_id=384"},"modified":"2022-08-31T16:25:18","modified_gmt":"2022-08-31T15:25:18","slug":"literatur","status":"publish","type":"page","link":"https:\/\/wihoyoga.com\/?page_id=384","title":{"rendered":"Literatur"},"content":{"rendered":"\n<h2 class=\"wp-block-heading\">Allgemeine<\/h2>\n\n\n\n<p>Anantharaman, A.  Temples of South India, EastWest, 2006<\/p>\n\n\n\n<p>Abelar, T.  Die Zauberin: Die magische Reise einer Frau auf dem Weg des Wissens, Scherz Verlag, 1994<\/p>\n\n\n\n<p>Aitmatow, T.  Der Junge und das Meer, C. Bertelsmann Verlag, 1978<\/p>\n\n\n\n<p>Aitmatow, T.  Der Schneeleopard, Unionsverlag, 2008<\/p>\n\n\n\n<p>Bachtyar, A.  Die Stadt der wei\u00dfen Musiker, Unionsverlag, 2017<\/p>\n\n\n\n<p>Bradbury, R.  Fahrenheit 451, Diogenes, 1981<\/p>\n\n\n\n<p>Esquivel, L.  Malinche, Stockmann Verlag, 2009<\/p>\n\n\n\n<p>Fischli, P. \/ Weiss, D.  Findet mich das Gl\u00fcck? Verlag der Buchhandlung Walter K\u00f6nig <\/p>\n\n\n\n<p>Kurban, S.  Ali und Nino, Goldmann Verlag, 1937<\/p>\n\n\n\n<p>Marquez, G. G.  Die unglaubliche Geschichte von der einf\u00e4ltigen Er\u00e9ndira und ihrer herzlosen Gro\u00dfmutter, Kiepenheuer &amp; Witsch, 1986<\/p>\n\n\n\n<p>Popul Vuh,  Das Buch des Rates, Diederichs Gelbe Reihe, 1978<\/p>\n\n\n\n<p>Reich, W.  Charakteranalyse, Anaconda Verlag, 2010<\/p>\n\n\n\n<p>Str\u00f6mquist, L.  Der Ursprung der Welt, avant-verlag, 2017<\/p>\n\n\n\n<p>Withers, R.  Roman Signer, Flick Collection\/Dumont, 2007<\/p>\n\n\n\n<p>Zeh, J.  Leere Herzen, Luchterhand Literaturverlag, 2017<\/p>\n\n\n\n<h2 class=\"wp-block-heading\">Wissenschaftliche Zeitschriftenartikel<\/h2>\n\n\n\n<p>Brown, R. P. &amp; Gerbarg, P.L.&nbsp;&nbsp;&nbsp;<br>Sudarshan Kriya Yogic Breathing in the Treatment of Stress, Anxiety, and Depression: Part II\u2014Clinical Applications and Guidelines. The Journal of Alternative and Complementary Medicine. 11 (2005): 711-717<\/p>\n\n\n\n<p>Raub, J.A.&nbsp;&nbsp;&nbsp;<br>Psychophysiologic Effects of Hatha Yoga on Musculoskeletal and Cardiopulmonary Function: A Literature Review The Journal of Alternative and Complementary Medicine. 8 (2002): 797-812<\/p>\n\n\n\n<p>Ross, A., &amp; Thomas, S.&nbsp;&nbsp;&nbsp;<br>The health benefits of yoga and exercise: A review of comparison studies.<br>Journal of Alternative and Complementary Medicine, 16 (2010): 3\u201312<\/p>\n\n\n\n<p>Ross, A. et al.&nbsp;&nbsp;&nbsp;<br>National survey of yoga practitioners: Mental and physical health benefits.<br>Complementary Therapies in Medicine. 21 (2013): 313-323<\/p>\n\n\n\n<p>Syr\u00e9, S. et al.&nbsp;&nbsp;&nbsp;<br>Yoga \u2013 Sportmedizinische Aspekte. Sport-Orthop\u00e4die &#8211; Sport-Traumatologie &#8211; Sports Orthopaedics and Traumatology 26 (2010): 7-13<\/p>\n\n\n\n<p>Taspinar, B. et al.&nbsp;&nbsp;&nbsp;<br>A comparison of the effects of hatha yoga and resistance exercise on mental health and well-being in sedentary adults: A pilot study, Complementary Therapies in Medicine. ePub 2014<\/p>\n\n\n\n<p>Uhlig, T.&nbsp;&nbsp;&nbsp;<br>Tai Chi and yoga as complementary therapies in rheumatologic conditions.<br>Best Practice &amp; Research Clinical Rheumatology, 26 (2012): 387-398<\/p>\n\n\n\n<h2 class=\"wp-block-heading\">Studien<\/h2>\n\n\n\n<p>Hughes, Susan L.&nbsp;&nbsp;&nbsp;&nbsp;<br>Best-Practice Physical Activity Programs for Older Adults: Findings From The National Impact Study, Am J Public Health 99 (2009): 362-368.<\/p>\n\n\n\n<p>Raju, P.S., K.V.V. Prasad, Ramana Y. Venkata, K.J.R. Murthy, and M.V. Reddy&nbsp;&nbsp;&nbsp;&nbsp;<br>Influence of Intensive Yoga Training on Physiological Changes in 6 Adult Women: A Case Report, The Journal of Alternative and Complementary Medicine 3 (1997): 291-295<\/p>\n\n\n\n<p>Rocha, K.K.F. et al.&nbsp;&nbsp;&nbsp;<br>Improvement in physiological and psychological parameters after 6 months of yoga practice. Conciousness and Cognition: 21(2012): 843-850.<\/p>\n\n\n\n<p>Clinical Roundup&nbsp;&nbsp;&nbsp;<br>How Do You Treat Premenstrual Syndrome in Your Practise?<br>Alternative and Complementary Therapies 17 (2011): 237-246<\/p>\n\n\n\n<h2 class=\"wp-block-heading\">Monographien<\/h2>\n\n\n\n<p>Anodea, J.&nbsp;&nbsp;&nbsp;<br>Lebensr\u00e4der: das gro\u00dfe Chakren-Lehr- und \u00dcbungsbuch (Arkana) Goldmann Verlag<\/p>\n\n\n\n<p>Chidvilasananda, G.&nbsp;&nbsp;&nbsp;<br>Yoga der Disziplin, Siddha Yoga Verlag GmbH, 2001<\/p>\n\n\n\n<p>Chidvilasananda, G.&nbsp;&nbsp;&nbsp;<br>Mut und Zufriedenheit, Siddha Yoga Verlag GmbH, 2004<\/p>\n\n\n\n<p>Cousto, H.&nbsp;&nbsp;&nbsp;&nbsp;<br>Kl\u00e4nge &#8211; Bilder &#8211; Welten: Musik im Einklang mit der Natur. Simon und Leutner, 1989<\/p>\n\n\n\n<p>Feuerstein, G.&nbsp;&nbsp;&nbsp;<br>Die Yoga Tradition: Geschichte, Literatur, Philosophie und Praxis, yogaverlag 2. Auflage 2009<\/p>\n\n\n\n<p>Freedman, F. B.&nbsp;&nbsp;&nbsp;<br>Yoga f\u00fcr M\u00fctter und Babys, naturaviva, 2012<\/p>\n\n\n\n<p>Friend, J.&nbsp;&nbsp;&nbsp;<br>Anusara Yoga Teacher Training Manual, Anusara Pr., 2002<\/p>\n\n\n\n<p>Friend, J.&nbsp;&nbsp;&nbsp;<br>Anusara Yoga Handbuch zur Lehrerausbildung, 9. Aufl. Anusara Pr., 2008<\/p>\n\n\n\n<p>Iyengar, B.K.S.&nbsp;&nbsp;&nbsp;<br>Licht auf Yoga : Yoga-Dipika. Das grundlegende Lehrbuch des Hatha-Yoga, 7. Aufl., Barth Vlg., 2004<\/p>\n\n\n\n<p>Iyengar, G.S.&nbsp;&nbsp;&nbsp;<br>Yoga in Action, YOG Mumbai, 2000<\/p>\n\n\n\n<p>Keller, D.&nbsp;&nbsp;&nbsp;<br>Anusara Yoga, DoYoga Production, 2. ed., 2004<\/p>\n\n\n\n<p>Krishnamurti, J.&nbsp;&nbsp;&nbsp;<br>Einbruch in die Freiheit, Ullstein, 1983<\/p>\n\n\n\n<p>Lasater, J.&nbsp;&nbsp;&nbsp;<br>Relax and renew: restful yoga for stressful times, Rodmell Press, 1995<\/p>\n\n\n\n<p>Mehta, S., M. &amp; Sh.&nbsp;&nbsp;&nbsp;<br>Yoga Gymnastik f\u00fcr Entspannung, Energie und Wohlbefinden: Das Handbuch der IYENGAR-Methode, Christian Verlag<\/p>\n\n\n\n<p>Mookerjee, A.&nbsp;&nbsp;&nbsp;<br>Kali the feminine force, Thames and Hudson Ltd, 1988<\/p>\n\n\n\n<p>Mookerjee, A. &amp; Khanna, M.&nbsp;&nbsp;&nbsp;<br>The tantric way, Thames and Hudson Ltd, 1977<\/p>\n\n\n\n<p>Muktananda, S.&nbsp;&nbsp;&nbsp;<br>Meditiere: das Gl\u00fcck liegt in dir, Siddha Yoga Verlag GmbH<\/p>\n\n\n\n<p>Myers, T.  Anatomy Trains<\/p>\n\n\n\n<p>Roche, L.\u00a0\u00a0\u00a0<br>The Radiance Sutras: 112 Gateways to the Yoga of Wonder &amp; Delight, Sounds True, 2014<\/p>\n\n\n\n<p>Schleipp, R. \/Bayer J.  Faszien Fitness, Rivaverlag, 2015<\/p>\n\n\n\n<p>Schrott, E.&nbsp;&nbsp;&nbsp;<br>Ayurveda f\u00fcr jeden Tag: Die sanfte Heilweise f\u00fcr vollkommene Gesundheit und Wohlbefinden, 12. Aufl., 2002<\/p>\n\n\n\n<p>Stecco, C.&nbsp;&nbsp;&nbsp;<br>Atlas des menschlichen Fasziensystems, Elsevier, 2016<\/p>\n\n\n\n<p>Sriram, R.&nbsp;&nbsp;&nbsp;<br>Yoga: Neun Schritte in die Freiheit &#8211; ein Weg zu Gesundheit und Selbstbewusstsein, Theseus, 2001<\/p>\n\n\n\n<p>Sriram, R.&nbsp;&nbsp;&nbsp;<br>Patanjali das Yogasutra: von der Erkenntnis zur Befreiung, Theseus, 2006<\/p>\n\n\n\n<p>Sriram, R. und Anjali&nbsp;&nbsp;&nbsp;<br>Heilende Kl\u00e4nge des Veda Mantras zur Entspannung und Meditation, 2. Aufl. Theseus, 2011<\/p>\n\n\n\n<p>Strom, M.&nbsp;&nbsp;&nbsp;<br>A Life Worth Breathing: A Yoga Master`s Handbook of Strength, Grace and Healing, Skyhorse Publishing, 2010<\/p>\n\n\n\n<p>Till, M.&nbsp;&nbsp;&nbsp;<br>Die Heilkraft des Atems: 50 Atem\u00fcbungen f\u00fcr K\u00f6rper, Geist und Seele, Goldmann, 1988<\/p>\n\n\n\n<p>Werner M.\/ von Braunschweig, R.  Praxis Aromatherapie, Haug, 2016<\/p>\n\n\n\n<p>Zimmer, H.&nbsp;&nbsp;&nbsp;<br>Myths and Symbols in Indian Art and Civilization, ed. by J. Campbell, 4th. pr., Bollingen Foundation, 1963<\/p>\n\n\n\n<h2 class=\"wp-block-heading\">Anatomie \/ Physiologie<\/h2>\n\n\n\n<p>Calais-Germain, B.&nbsp;&nbsp;&nbsp;&nbsp;<br>Anatomie der Bewegung: Technik und Funktion des K\u00f6rpers, marixverlag, 2005<\/p>\n\n\n\n<p>Kapit, W. und Elson, L.M.&nbsp;&nbsp;&nbsp;&nbsp;<br>Anatomie Malatlas, 3., \u00fcberarb. Aufl. Pearson Studium, 2008<\/p>\n\n\n\n<p>Lippert; Herbold; Lippert-Burmester<br>Anatomie. Text und Atlas; deutsche und lateinische Bezeichnungen, 8. \u00fcberarbeitete Aufl., Elsevier, Urban &amp; Fischer, 2006<\/p>\n\n\n\n<p>Long, R.<br>Yoga Anatomie 3D Bd. 1-2, riva Vlg., 2011<\/p>\n\n\n\n<p>Huch, R. (Hrsg.)<br>Mensch, K\u00f6rper, Krankheit. Anatomie, Physiologie, Krankheitsbilder; Lehrbuch und Atlas f\u00fcr die Berufe im Gesundheitswesen, 4. \u00fcberarb. und erw. Aufl., Urban &amp; Fischer, 2003<\/p>\n\n\n\n<p>Schmidt, R. F.; Gerhard Thews; Florian Lang (Hrsg.)&nbsp;&nbsp;&nbsp;&nbsp;<br>Physiologie des Menschen: mit 96 Tabellen \/ 28., korrig. und aktual. Aufl., Springer, 2000<\/p>\n\n\n\n<p>Silbernagl, S., Despopoulos, A.,&nbsp;&nbsp;&nbsp;<br>Taschenatlas der Physiologie, 2. \u00fcberarb. und erw. Aufl., Thieme, 1983<\/p>\n\n\n\n<p>Vogl, W.A., Mitchell, A.W.M. und Drake, R.L.&nbsp;&nbsp;&nbsp;<br>Gray\u2019s Atlas der Anatomie: Deutsche Bearbeitung von Lars Br\u00e4uer Urban und Fischer\/ Elsevier, 2016<\/p>\n\n\n\n<p>Williams, P.L. and Warwick, R. (eds.)&nbsp;<br>GRAY\u2019S Anatomy. 36 ed. Churchill Livingstone, 1980<\/p>\n","protected":false},"excerpt":{"rendered":"<p>Allgemeine Anantharaman, A. Temples of South India, EastWest, 2006 Abelar, T. Die Zauberin: Die magische Reise einer Frau auf dem Weg des Wissens, Scherz Verlag, 1994 Aitmatow, T. Der Junge und das Meer, C. Bertelsmann Verlag, 1978 Aitmatow, T. Der Schneeleopard, Unionsverlag, 2008 Bachtyar, A. Die Stadt der wei\u00dfen Musiker, Unionsverlag, 2017 Bradbury, R. Fahrenheit 451, Diogenes, 1981 Esquivel, L. Malinche, Stockmann Verlag, 2009 Fischli, P. \/ Weiss, D. Findet mich das Gl\u00fcck? Verlag der Buchhandlung Walter K\u00f6nig Kurban, S. Ali und Nino, Goldmann Verlag, 1937 Marquez, G. G. Die unglaubliche Geschichte von der einf\u00e4ltigen Er\u00e9ndira und ihrer herzlosen Gro\u00dfmutter, Kiepenheuer &amp; Witsch, 1986 Popul Vuh, Das Buch des Rates, Diederichs Gelbe Reihe, 1978 Reich, W. Charakteranalyse, Anaconda Verlag, 2010 Str\u00f6mquist, L. Der Ursprung der Welt, avant-verlag, 2017 Withers, R. Roman Signer, Flick Collection\/Dumont, 2007 Zeh, J. Leere Herzen, Luchterhand Literaturverlag, 2017 Wissenschaftliche Zeitschriftenartikel Brown, R. P. &amp; Gerbarg, P.L.&nbsp;&nbsp;&nbsp;Sudarshan Kriya Yogic Breathing in the Treatment of Stress, Anxiety, and Depression: Part II\u2014Clinical Applications and Guidelines. The Journal of Alternative and Complementary Medicine. 11 (2005): 711-717 Raub, J.A.&nbsp;&nbsp;&nbsp;Psychophysiologic Effects of Hatha Yoga on Musculoskeletal and Cardiopulmonary Function: A Literature Review The Journal of Alternative and Complementary Medicine. 8 (2002): 797-812 Ross, A., &amp; Thomas, S.&nbsp;&nbsp;&nbsp;The health benefits of yoga and exercise: A review of comparison studies.Journal of Alternative and Complementary Medicine, 16 (2010): 3\u201312 Ross, A. et al.&nbsp;&nbsp;&nbsp;National survey of yoga practitioners: Mental and physical health benefits.Complementary Therapies in Medicine. 21 (2013): 313-323 Syr\u00e9, S. et al.&nbsp;&nbsp;&nbsp;Yoga \u2013 Sportmedizinische Aspekte. Sport-Orthop\u00e4die &#8211; Sport-Traumatologie &#8211; Sports Orthopaedics and Traumatology 26 (2010): 7-13 Taspinar, B. et al.&nbsp;&nbsp;&nbsp;A comparison of the effects of hatha yoga and resistance exercise on mental health and well-being in sedentary adults: A pilot study, Complementary Therapies in Medicine. ePub 2014 Uhlig, T.&nbsp;&nbsp;&nbsp;Tai Chi and yoga as complementary therapies in rheumatologic conditions.Best Practice &amp; Research Clinical Rheumatology, 26 (2012): 387-398 Studien Hughes, Susan L.&nbsp;&nbsp;&nbsp;&nbsp;Best-Practice Physical Activity Programs for Older Adults: Findings From The National Impact Study, Am J Public Health 99 (2009): 362-368. Raju, P.S., K.V.V. Prasad, Ramana Y. Venkata, K.J.R. Murthy, and M.V. Reddy&nbsp;&nbsp;&nbsp;&nbsp;Influence of Intensive Yoga Training on Physiological Changes in 6 Adult Women: A Case Report, The Journal of Alternative and Complementary Medicine 3 (1997): 291-295 Rocha, K.K.F. et al.&nbsp;&nbsp;&nbsp;Improvement in physiological and psychological parameters after 6 months of yoga practice. Conciousness and Cognition: 21(2012): 843-850. Clinical Roundup&nbsp;&nbsp;&nbsp;How Do You Treat Premenstrual Syndrome in Your Practise?Alternative and Complementary Therapies 17 (2011): 237-246 Monographien Anodea, J.&nbsp;&nbsp;&nbsp;Lebensr\u00e4der: das gro\u00dfe Chakren-Lehr- und \u00dcbungsbuch (Arkana) Goldmann Verlag Chidvilasananda, G.&nbsp;&nbsp;&nbsp;Yoga der Disziplin, Siddha Yoga Verlag GmbH, 2001 Chidvilasananda, G.&nbsp;&nbsp;&nbsp;Mut und Zufriedenheit, Siddha Yoga Verlag GmbH, 2004 Cousto, H.&nbsp;&nbsp;&nbsp;&nbsp;Kl\u00e4nge &#8211; Bilder &#8211; Welten: Musik im Einklang mit der Natur. Simon und Leutner, 1989 Feuerstein, G.&nbsp;&nbsp;&nbsp;Die Yoga Tradition: Geschichte, Literatur, Philosophie und Praxis, yogaverlag 2. Auflage 2009 Freedman, F. B.&nbsp;&nbsp;&nbsp;Yoga f\u00fcr M\u00fctter und Babys, naturaviva, 2012 Friend, J.&nbsp;&nbsp;&nbsp;Anusara Yoga Teacher Training Manual, Anusara Pr., 2002 Friend, J.&nbsp;&nbsp;&nbsp;Anusara Yoga Handbuch zur Lehrerausbildung, 9. Aufl. Anusara Pr., 2008 Iyengar, B.K.S.&nbsp;&nbsp;&nbsp;Licht auf Yoga : Yoga-Dipika. Das grundlegende Lehrbuch des Hatha-Yoga, 7. Aufl., Barth Vlg., 2004 Iyengar, G.S.&nbsp;&nbsp;&nbsp;Yoga in Action, YOG Mumbai, 2000 Keller, D.&nbsp;&nbsp;&nbsp;Anusara Yoga, DoYoga Production, 2. ed., 2004 Krishnamurti, J.&nbsp;&nbsp;&nbsp;Einbruch in die Freiheit, Ullstein, 1983 Lasater, J.&nbsp;&nbsp;&nbsp;Relax and renew: restful yoga for stressful times, Rodmell Press, 1995 Mehta, S., M. &amp; Sh.&nbsp;&nbsp;&nbsp;Yoga Gymnastik f\u00fcr Entspannung, Energie und Wohlbefinden: Das Handbuch der IYENGAR-Methode, Christian Verlag Mookerjee, A.&nbsp;&nbsp;&nbsp;Kali the feminine force, Thames and Hudson Ltd, 1988 Mookerjee, A. &amp; Khanna, M.&nbsp;&nbsp;&nbsp;The tantric way, Thames and Hudson Ltd, 1977 Muktananda, S.&nbsp;&nbsp;&nbsp;Meditiere: das Gl\u00fcck liegt in dir, Siddha Yoga Verlag GmbH Myers, T. Anatomy Trains Roche, L.\u00a0\u00a0\u00a0The Radiance Sutras: 112 Gateways to the Yoga of Wonder &amp; Delight, Sounds True, 2014 Schleipp, R. \/Bayer J. Faszien Fitness, Rivaverlag, 2015 Schrott, E.&nbsp;&nbsp;&nbsp;Ayurveda f\u00fcr jeden Tag: Die sanfte Heilweise f\u00fcr vollkommene Gesundheit und Wohlbefinden, 12. Aufl., 2002 Stecco, C.&nbsp;&nbsp;&nbsp;Atlas des menschlichen Fasziensystems, Elsevier, 2016 Sriram, R.&nbsp;&nbsp;&nbsp;Yoga: Neun Schritte in die Freiheit &#8211; ein Weg zu Gesundheit und Selbstbewusstsein, Theseus, 2001 Sriram, R.&nbsp;&nbsp;&nbsp;Patanjali das Yogasutra: von der Erkenntnis zur Befreiung, Theseus, 2006 Sriram, R. und Anjali&nbsp;&nbsp;&nbsp;Heilende Kl\u00e4nge des Veda Mantras zur Entspannung und Meditation, 2. Aufl. Theseus, 2011 Strom, M.&nbsp;&nbsp;&nbsp;A Life Worth Breathing: A Yoga Master`s Handbook of Strength, Grace and Healing, Skyhorse Publishing, 2010 Till, M.&nbsp;&nbsp;&nbsp;Die Heilkraft des Atems: 50 Atem\u00fcbungen f\u00fcr K\u00f6rper, Geist und Seele, Goldmann, 1988 Werner M.\/ von Braunschweig, R. Praxis Aromatherapie, Haug, 2016 Zimmer, H.&nbsp;&nbsp;&nbsp;Myths and Symbols in Indian Art and Civilization, ed. by J. Campbell, 4th. pr., Bollingen Foundation, 1963 Anatomie \/ Physiologie Calais-Germain, B.&nbsp;&nbsp;&nbsp;&nbsp;Anatomie der Bewegung: Technik und Funktion des K\u00f6rpers, marixverlag, 2005 Kapit, W. und Elson, L.M.&nbsp;&nbsp;&nbsp;&nbsp;Anatomie Malatlas, 3., \u00fcberarb. Aufl. Pearson Studium, 2008 Lippert; Herbold; Lippert-BurmesterAnatomie. Text und Atlas; deutsche und lateinische Bezeichnungen, 8. \u00fcberarbeitete Aufl., Elsevier, Urban &amp; Fischer, 2006 Long, R.Yoga Anatomie 3D Bd. 1-2, riva Vlg., 2011 Huch, R. (Hrsg.)Mensch, K\u00f6rper, Krankheit. Anatomie, Physiologie, Krankheitsbilder; Lehrbuch und Atlas f\u00fcr die Berufe im Gesundheitswesen, 4. \u00fcberarb. und erw. Aufl., Urban &amp; Fischer, 2003 Schmidt, R. F.; Gerhard Thews; Florian Lang (Hrsg.)&nbsp;&nbsp;&nbsp;&nbsp;Physiologie des Menschen: mit 96 Tabellen \/ 28., korrig. und aktual. Aufl., Springer, 2000 Silbernagl, S., Despopoulos, A.,&nbsp;&nbsp;&nbsp;Taschenatlas der Physiologie, 2. \u00fcberarb. und erw. Aufl., Thieme, 1983 Vogl, W.A., Mitchell, A.W.M. und Drake, R.L.&nbsp;&nbsp;&nbsp;Gray\u2019s Atlas der Anatomie: Deutsche Bearbeitung von Lars Br\u00e4uer Urban und Fischer\/ Elsevier, 2016 Williams, P.L. and Warwick, R. (eds.)&nbsp;GRAY\u2019S Anatomy. 36 ed. Churchill Livingstone, 1980<\/p>\n","protected":false},"author":3,"featured_media":677,"parent":0,"menu_order":14,"comment_status":"closed","ping_status":"closed","template":"","meta":{"ngg_post_thumbnail":0,"footnotes":""},"class_list":["post-384","page","type-page","status-publish","has-post-thumbnail","hentry"],"_links":{"self":[{"href":"https:\/\/wihoyoga.com\/index.php?rest_route=\/wp\/v2\/pages\/384","targetHints":{"allow":["GET"]}}],"collection":[{"href":"https:\/\/wihoyoga.com\/index.php?rest_route=\/wp\/v2\/pages"}],"about":[{"href":"https:\/\/wihoyoga.com\/index.php?rest_route=\/wp\/v2\/types\/page"}],"author":[{"embeddable":true,"href":"https:\/\/wihoyoga.com\/index.php?rest_route=\/wp\/v2\/users\/3"}],"replies":[{"embeddable":true,"href":"https:\/\/wihoyoga.com\/index.php?rest_route=%2Fwp%2Fv2%2Fcomments&post=384"}],"version-history":[{"count":10,"href":"https:\/\/wihoyoga.com\/index.php?rest_route=\/wp\/v2\/pages\/384\/revisions"}],"predecessor-version":[{"id":1045,"href":"https:\/\/wihoyoga.com\/index.php?rest_route=\/wp\/v2\/pages\/384\/revisions\/1045"}],"wp:featuredmedia":[{"embeddable":true,"href":"https:\/\/wihoyoga.com\/index.php?rest_route=\/wp\/v2\/media\/677"}],"wp:attachment":[{"href":"https:\/\/wihoyoga.com\/index.php?rest_route=%2Fwp%2Fv2%2Fmedia&parent=384"}],"curies":[{"name":"wp","href":"https:\/\/api.w.org\/{rel}","templated":true}]}}