{"id":360,"date":"2020-11-04T09:59:08","date_gmt":"2020-11-04T09:59:08","guid":{"rendered":"http:\/\/wiho.uber.space\/?page_id=360"},"modified":"2023-09-25T21:32:08","modified_gmt":"2023-09-25T20:32:08","slug":"impressum","status":"publish","type":"page","link":"https:\/\/wihoyoga.com\/?page_id=360","title":{"rendered":"Impressum"},"content":{"rendered":"\n<p>Verantwortlich f\u00fcr die hier publizierten Inhalte ist, wenn nicht anders aufgef\u00fchrt:<\/p>\n\n\n\n<p>Kleinunternehmerin<br>Wiebke Holler<br>Talstra\u00dfe 18<br>13189 Berlin<br>Info[@]wihoyoga.com<\/p>\n\n\n\n<h2 class=\"wp-block-heading\">Haftungsbeschr\u00e4nkung<\/h2>\n\n\n\n<p>Die \u00dcberpr\u00fcfung der Inhalte der Website erfolgt mit gr\u00f6\u00dftm\u00f6glicher Sorgfalt. Jedoch \u00fcbernimmt die Anbieterin keine Gew\u00e4hr f\u00fcr Aktualit\u00e4t, inhaltliche Richtigkeit und Vollst\u00e4ndigkeit der Inhalte. Die Anbieterin \u00fcbernimmt keine Haftung f\u00fcr die Inhalte oder Aktualit\u00e4t externer Links. F\u00fcr den Inhalt der verlinkten Seiten sind ausschlie\u00dflich deren Betreiber verantwortlich.<\/p>\n\n\n\n<h2 class=\"wp-block-heading\">Verweise und Links<\/h2>\n\n\n\n<p>Bei direkten oder indirekten Verweisen auf fremde Internetseiten (\u201eLinks\u201c), die au\u00dferhalb des Verantwortungsbereiches der Autorin liegen, w\u00fcrde eine Haftungsverpflichtung ausschlie\u00dflich in dem Fall in Kraft treten, in dem die Autorin von den Inhalten Kenntnis hat und es ihr technisch m\u00f6glich und zumutbar w\u00e4re, die Nutzung im Falle rechtswidriger Inhalte zu verhindern. Die Autorin erkl\u00e4rt daher ausdr\u00fccklich, dass zum Zeitpunkt der Linksetzung die entsprechenden verlinkten Seiten frei von illegalen Inhalten waren.<\/p>\n\n\n\n<p>Die Autorin hat keinerlei Einfluss auf die aktuelle und zuk\u00fcnftige Gestaltung und auf die Inhalte der gelinkten\/verkn\u00fcpften Seiten. Deshalb distanziert sie sich hiermit ausdr\u00fccklich von allen Inhalten aller gelinkten \/verkn\u00fcpften Seiten, die nach der Linksetzung ver\u00e4ndert wurden. Diese Feststellung gilt f\u00fcr alle innerhalb des eigenen Internetangebotes gesetzten Links und Verweise sowie f\u00fcr Fremdeintr\u00e4ge in vom der Autorin eingerichteten G\u00e4steb\u00fcchern, Diskussionsforen und Mailinglisten.<br>F\u00fcr illegale, fehlerhafte oder unvollst\u00e4ndige Inhalte und insbesondere f\u00fcr Sch\u00e4den, die aus der Nutzung oder Nichtnutzung solcherart dargebotener Informationen entstehen, haftet allein der Anbieter der Seite, auf welche verwiesen wurde, nicht derjenige, der \u00fcber Links auf die jeweilige Ver\u00f6ffentlichung lediglich verweist.<\/p>\n\n\n\n<h2 class=\"wp-block-heading\">Urheber- und Leistungsschutzrechte<\/h2>\n\n\n\n<p>Alle verwendeten Inhalte, Bilder, Texte und Grafiken sowie das Layout dieser Webseite unterliegt dem Urheberrecht. Die unerlaubte Verwendung, Reproduktion oder Weitergabe einzelner Inhalte oder kompletter Webseiten bedarf der vorherigen schriftlichen Zustimmung von Wiebke Holler.<\/p>\n\n\n\n<h2 class=\"wp-block-heading\">Bildernachweise<\/h2>\n\n\n\n<p>Wiebke Holler<\/p>\n\n\n\n<h2 class=\"wp-block-heading\">\u00dcbersetzung<\/h2>\n\n\n\n<p>Wiebke Holler<\/p>\n","protected":false},"excerpt":{"rendered":"<p>Verantwortlich f\u00fcr die hier publizierten Inhalte ist, wenn nicht anders aufgef\u00fchrt: KleinunternehmerinWiebke HollerTalstra\u00dfe 1813189 BerlinInfo[@]wihoyoga.com Haftungsbeschr\u00e4nkung Die \u00dcberpr\u00fcfung der Inhalte der Website erfolgt mit gr\u00f6\u00dftm\u00f6glicher Sorgfalt. Jedoch \u00fcbernimmt die Anbieterin keine Gew\u00e4hr f\u00fcr Aktualit\u00e4t, inhaltliche Richtigkeit und Vollst\u00e4ndigkeit der Inhalte. Die Anbieterin \u00fcbernimmt keine Haftung f\u00fcr die Inhalte oder Aktualit\u00e4t externer Links. F\u00fcr den Inhalt der verlinkten Seiten sind ausschlie\u00dflich deren Betreiber verantwortlich. Verweise und Links Bei direkten oder indirekten Verweisen auf fremde Internetseiten (\u201eLinks\u201c), die au\u00dferhalb des Verantwortungsbereiches der Autorin liegen, w\u00fcrde eine Haftungsverpflichtung ausschlie\u00dflich in dem Fall in Kraft treten, in dem die Autorin von den Inhalten Kenntnis hat und es ihr technisch m\u00f6glich und zumutbar w\u00e4re, die Nutzung im Falle rechtswidriger Inhalte zu verhindern. Die Autorin erkl\u00e4rt daher ausdr\u00fccklich, dass zum Zeitpunkt der Linksetzung die entsprechenden verlinkten Seiten frei von illegalen Inhalten waren. Die Autorin hat keinerlei Einfluss auf die aktuelle und zuk\u00fcnftige Gestaltung und auf die Inhalte der gelinkten\/verkn\u00fcpften Seiten. Deshalb distanziert sie sich hiermit ausdr\u00fccklich von allen Inhalten aller gelinkten \/verkn\u00fcpften Seiten, die nach der Linksetzung ver\u00e4ndert wurden. Diese Feststellung gilt f\u00fcr alle innerhalb des eigenen Internetangebotes gesetzten Links und Verweise sowie f\u00fcr Fremdeintr\u00e4ge in vom der Autorin eingerichteten G\u00e4steb\u00fcchern, Diskussionsforen und Mailinglisten.F\u00fcr illegale, fehlerhafte oder unvollst\u00e4ndige Inhalte und insbesondere f\u00fcr Sch\u00e4den, die aus der Nutzung oder Nichtnutzung solcherart dargebotener Informationen entstehen, haftet allein der Anbieter der Seite, auf welche verwiesen wurde, nicht derjenige, der \u00fcber Links auf die jeweilige Ver\u00f6ffentlichung lediglich verweist. Urheber- und Leistungsschutzrechte Alle verwendeten Inhalte, Bilder, Texte und Grafiken sowie das Layout dieser Webseite unterliegt dem Urheberrecht. Die unerlaubte Verwendung, Reproduktion oder Weitergabe einzelner Inhalte oder kompletter Webseiten bedarf der vorherigen schriftlichen Zustimmung von Wiebke Holler. Bildernachweise Wiebke Holler \u00dcbersetzung Wiebke Holler<\/p>\n","protected":false},"author":3,"featured_media":0,"parent":0,"menu_order":15,"comment_status":"closed","ping_status":"closed","template":"","meta":{"ngg_post_thumbnail":0,"footnotes":""},"class_list":["post-360","page","type-page","status-publish","hentry"],"_links":{"self":[{"href":"https:\/\/wihoyoga.com\/index.php?rest_route=\/wp\/v2\/pages\/360","targetHints":{"allow":["GET"]}}],"collection":[{"href":"https:\/\/wihoyoga.com\/index.php?rest_route=\/wp\/v2\/pages"}],"about":[{"href":"https:\/\/wihoyoga.com\/index.php?rest_route=\/wp\/v2\/types\/page"}],"author":[{"embeddable":true,"href":"https:\/\/wihoyoga.com\/index.php?rest_route=\/wp\/v2\/users\/3"}],"replies":[{"embeddable":true,"href":"https:\/\/wihoyoga.com\/index.php?rest_route=%2Fwp%2Fv2%2Fcomments&post=360"}],"version-history":[{"count":11,"href":"https:\/\/wihoyoga.com\/index.php?rest_route=\/wp\/v2\/pages\/360\/revisions"}],"predecessor-version":[{"id":1305,"href":"https:\/\/wihoyoga.com\/index.php?rest_route=\/wp\/v2\/pages\/360\/revisions\/1305"}],"wp:attachment":[{"href":"https:\/\/wihoyoga.com\/index.php?rest_route=%2Fwp%2Fv2%2Fmedia&parent=360"}],"curies":[{"name":"wp","href":"https:\/\/api.w.org\/{rel}","templated":true}]}}