{"id":196,"date":"2020-11-01T11:19:06","date_gmt":"2020-11-01T11:19:06","guid":{"rendered":"http:\/\/wiho.uber.space\/?page_id=196"},"modified":"2026-02-13T17:32:24","modified_gmt":"2026-02-13T16:32:24","slug":"yogaretreat","status":"publish","type":"page","link":"https:\/\/wihoyoga.com\/?page_id=196","title":{"rendered":"Retreat"},"content":{"rendered":"\n<figure class=\"wp-block-embed is-type-video is-provider-youtube wp-block-embed-youtube wp-embed-aspect-16-9 wp-has-aspect-ratio\"><div class=\"wp-block-embed__wrapper\">\n<iframe loading=\"lazy\" title=\"MenorcaClipVideo5\" width=\"960\" height=\"540\" src=\"https:\/\/www.youtube.com\/embed\/M_iPIpERu6A?feature=oembed\" frameborder=\"0\" allow=\"accelerometer; autoplay; clipboard-write; encrypted-media; gyroscope; picture-in-picture; web-share\" referrerpolicy=\"strict-origin-when-cross-origin\" allowfullscreen><\/iframe>\n<\/div><\/figure>\n\n\n\n<div class=\"wp-block-group is-vertical is-layout-flex wp-container-core-group-is-layout-8cf370e7 wp-block-group-is-layout-flex\">\n<p>Reserviert jetzt Euer Zimmer auf der Finca Santa Teresa f\u00fcr eine Woche Erholung und St\u00e4rkung am Meer, die Seele atmet auf. Der K\u00f6rper regeneriert, der Geist findet Ruhe. Wir nehmen max. 8 Personen mit.<\/p>\n\n\n\n<p>Frei und abgelegen steht die historische Finca Santa Teresa einsam in der magischen Landschaft an <strong>Menorcas<\/strong> Nordcap. Felsige Formationen und fu\u00dfnahe Sandbuchten bieten Orte magischer Ambiente, Ruhe und Weitblick. <\/p>\n<\/div>\n\n\n<div class=\"wp-block-image\">\n<figure class=\"alignleft size-medium\"><img loading=\"lazy\" decoding=\"async\" width=\"300\" height=\"225\" src=\"https:\/\/wiho.uber.space\/wp-content\/uploads\/2020\/11\/IMG_0557-300x225.jpg\" alt=\"\" class=\"wp-image-266\" srcset=\"https:\/\/wihoyoga.com\/wp-content\/uploads\/2020\/11\/IMG_0557-300x225.jpg 300w, https:\/\/wihoyoga.com\/wp-content\/uploads\/2020\/11\/IMG_0557-1024x768.jpg 1024w, https:\/\/wihoyoga.com\/wp-content\/uploads\/2020\/11\/IMG_0557-768x576.jpg 768w, https:\/\/wihoyoga.com\/wp-content\/uploads\/2020\/11\/IMG_0557-1536x1152.jpg 1536w, https:\/\/wihoyoga.com\/wp-content\/uploads\/2020\/11\/IMG_0557-2048x1536.jpg 2048w, https:\/\/wihoyoga.com\/wp-content\/uploads\/2020\/11\/IMG_0557-124x93.jpg 124w\" sizes=\"auto, (max-width: 300px) 100vw, 300px\" \/><\/figure><\/div>\n\n\n<p>Yoga und Meditation-Unterricht finden morgens und abends an den Kraftorten der K\u00fcste, am Strand oder auf der \u00fcberdachten Terrasse mit Blick zum weiten Horizont der mediterranen Insellandschaft statt.<\/p>\n\n\n\n<p>Das Haus beherbergt sechs Doppelzimmer, teilweise mit eigenem Bad, einen grossen Salon mit Kamin, eine gro\u00dfe K\u00fcche und ein Wohnzimmer mit Bibliothek. (s. Galerie unten) In alle Richtungen kann man losspazieren und die Gegend erkunden: idyllische Sandbuchten, ein kleiner pittoresker Hafen, der majest\u00e4tische Leuchturm an der 90 m hohen Steilk\u00fcste. Je nach Lust und Laune bieten wir eine Tagestour auf dem Cami de Cavalls, dem alten Pferdepfad entlang der K\u00fcste an.<\/p>\n\n\n\n<p>Bei der kreativ vegetarischen K\u00fcche darf mitgestaltet werden. Fr\u00fchst\u00fccksspeisen stehen nach individuellem Bedarf zur Verf\u00fcgung. Ein nachhaltig erholsames Erlebnis erwartet euch.<\/p>\n\n\n\n<p><strong>Konditionen und Preise<\/strong><\/p>\n\n\n\n<ul class=\"wp-block-list\">\n<li>7 N\u00e4chte <\/li>\n\n\n\n<li>10 Yogasessions + auf Wunsch eine pers\u00f6nliche Einzelstunde<\/li>\n\n\n\n<li>Vollverpflegung: Fr\u00fchst\u00fcck + 1-2 vegetarische Mahlzeiten\/ Tag<\/li>\n<\/ul>\n\n\n\n<p>im Doppelzimmer 945,00 \u20ac pro Person \/\/ ein Einzelzimmer 1345,00 \u20ac<\/p>\n\n\n\n<p><strong>N\u00e4chster Termin<\/strong>:<\/p>\n\n\n\n<p>24. &#8211; 31.10.2026 (erster und letzter Tag sind An- und Abreise-Tage)<strong> <\/strong><\/p>\n\n\n\n<p><strong>Anreise (individuell):<\/strong> Der Flughafen auf Menorca befindet sich bei Mahon (MAH). Von Mahon und von Ciutadella besteht F\u00e4hrverkehr nach Mallorca, Barcelona, und SPECIAL TIP: Toulon in Frankreich (corsica ferries) Wir bieten bei Bedarf einen Abholservice vom Flughafen Mahon oder vom F\u00e4hrhafen in Ciutadella an. Es besteht auch ein Busverkehr von beiden St\u00e4dten nach Es Mercadal dem n\u00e4chstgelegenen Ort 11 km entfernt von der Finca. Wenn Du gerne unabh\u00e4ngig sein m\u00f6chtest buche Dir einen Mietwagen.<\/p>\n\n\n\n<p><strong>Reservierung:<\/strong> <strong><a href=\"mailto:info@wihoyoga.com\">info@wihoyoga.com<\/a><\/strong><\/p>\n\n\n\n<p>MENORCA 2026 October 24th to 31st<\/p>\n\n\n\n<p>Let your soul breath and get on a discovery of life force. Come with us one week to the beautiful island of <strong>Menorca<\/strong>. Be gone with the wind &#8211; melting with the sun &#8211; swiming through murmur ocean &#8211; feeling the magic of historic Finca Santa Teresa situated at Cap Cavalleria in the magical landscape of Menorca&#8217;s north coast. Rocky formations and inviting sandy beaches offer places full of inspiring, relaxing and refreshing ambience.<\/p>\n\n\n\n<p>Moving and Meditation Sessions take place every morning and evening. From the covered terrace, we gaze out over the rolling Balearic island landscape as we practice moving our bodys in the vibration of the elements, now and there. Beaches within walking distance invite us to practice with murmur of the ocean. You get individual advice for moving secure and in peace with yourself in body, heart and mind.<\/p>\n\n\n\n<p>Finca Santa Teresa offers double bed rooms, some with private bath, a large salon with fireplace, a spacious and cozy kitchen with pantry and a living room with library. We offer a walking day on the Cami de Cavalls, the old horse path along the coast.<\/p>\n\n\n\n<p>Together we prepare delicious and varied vegetarian meals for lunch and dinner. Breakfast dishes are available for individual arrangement. A sustainable relaxing experience awaits you.<\/p>\n\n\n\n<p>Full board &amp; yogateaching in a &#8211; double room&nbsp;945,00 \u20ac per person \/\/ &#8211; single room 1345,00 \u20ac<\/p>\n\n\n\n<h1 class=\"wp-block-heading has-text-align-center\" id=\"galerie\">Galerie<\/h1>\n\n\n\n<div class=\"wp-block-group\"><div class=\"wp-block-group__inner-container is-layout-flow wp-block-group-is-layout-flow\">\nngg_shortcode_0_placeholder\n<\/div><\/div>\n\n\n\n<div class=\"wp-block-group\"><div class=\"wp-block-group__inner-container is-layout-flow wp-block-group-is-layout-flow\">\n<div class=\"wp-block-group\"><div class=\"wp-block-group__inner-container is-layout-constrained wp-block-group-is-layout-constrained\"><\/div><\/div>\n<\/div><\/div>\n\n\n\n<p><\/p>\n","protected":false},"excerpt":{"rendered":"<p>Reserviert jetzt Euer Zimmer auf der Finca Santa Teresa f\u00fcr eine Woche Erholung und St\u00e4rkung am Meer, die Seele atmet auf. Der K\u00f6rper regeneriert, der Geist findet Ruhe. Wir nehmen max. 8 Personen mit. Frei und abgelegen steht die historische Finca Santa Teresa einsam in der magischen Landschaft an Menorcas Nordcap. Felsige Formationen und fu\u00dfnahe Sandbuchten bieten Orte magischer Ambiente, Ruhe und Weitblick. Yoga und Meditation-Unterricht finden morgens und abends an den Kraftorten der K\u00fcste, am Strand oder auf der \u00fcberdachten Terrasse mit Blick zum weiten Horizont der mediterranen Insellandschaft statt. Das Haus beherbergt sechs Doppelzimmer, teilweise mit eigenem Bad, einen grossen Salon mit Kamin, eine gro\u00dfe K\u00fcche und ein Wohnzimmer mit Bibliothek. (s. Galerie unten) In alle Richtungen kann man losspazieren und die Gegend erkunden: idyllische Sandbuchten, ein kleiner pittoresker Hafen, der majest\u00e4tische Leuchturm an der 90 m hohen Steilk\u00fcste. Je nach Lust und Laune bieten wir eine Tagestour auf dem Cami de Cavalls, dem alten Pferdepfad entlang der K\u00fcste an. Bei der kreativ vegetarischen K\u00fcche darf mitgestaltet werden. Fr\u00fchst\u00fccksspeisen stehen nach individuellem Bedarf zur Verf\u00fcgung. Ein nachhaltig erholsames Erlebnis erwartet euch. Konditionen und Preise im Doppelzimmer 945,00 \u20ac pro Person \/\/ ein Einzelzimmer 1345,00 \u20ac N\u00e4chster Termin: 24. &#8211; 31.10.2026 (erster und letzter Tag sind An- und Abreise-Tage) Anreise (individuell): Der Flughafen auf Menorca befindet sich bei Mahon (MAH). Von Mahon und von Ciutadella besteht F\u00e4hrverkehr nach Mallorca, Barcelona, und SPECIAL TIP: Toulon in Frankreich (corsica ferries) Wir bieten bei Bedarf einen Abholservice vom Flughafen Mahon oder vom F\u00e4hrhafen in Ciutadella an. Es besteht auch ein Busverkehr von beiden St\u00e4dten nach Es Mercadal dem n\u00e4chstgelegenen Ort 11 km entfernt von der Finca. Wenn Du gerne unabh\u00e4ngig sein m\u00f6chtest buche Dir einen Mietwagen. Reservierung: info@wihoyoga.com MENORCA 2026 October 24th to 31st Let your soul breath and get on a discovery of life force. Come with us one week to the beautiful island of Menorca. Be gone with the wind &#8211; melting with the sun &#8211; swiming through murmur ocean &#8211; feeling the magic of historic Finca Santa Teresa situated at Cap Cavalleria in the magical landscape of Menorca&#8217;s north coast. Rocky formations and inviting sandy beaches offer places full of inspiring, relaxing and refreshing ambience. Moving and Meditation Sessions take place every morning and evening. From the covered terrace, we gaze out over the rolling Balearic island landscape as we practice moving our bodys in the vibration of the elements, now and there. Beaches within walking distance invite us to practice with murmur of the ocean. You get individual advice for moving secure and in peace with yourself in body, heart and mind. Finca Santa Teresa offers double bed rooms, some with private bath, a large salon with fireplace, a spacious and cozy kitchen with pantry and a living room with library. We offer a walking day on the Cami de Cavalls, the old horse path along the coast. Together we prepare delicious and varied vegetarian meals for lunch and dinner. Breakfast dishes are available for individual arrangement. A sustainable relaxing experience awaits you. Full board &amp; yogateaching in a &#8211; double room&nbsp;945,00 \u20ac per person \/\/ &#8211; single room 1345,00 \u20ac Galerie<\/p>\n","protected":false},"author":4,"featured_media":0,"parent":0,"menu_order":3,"comment_status":"closed","ping_status":"closed","template":"","meta":{"ngg_post_thumbnail":0,"footnotes":""},"class_list":["post-196","page","type-page","status-publish","hentry"],"_links":{"self":[{"href":"https:\/\/wihoyoga.com\/index.php?rest_route=\/wp\/v2\/pages\/196","targetHints":{"allow":["GET"]}}],"collection":[{"href":"https:\/\/wihoyoga.com\/index.php?rest_route=\/wp\/v2\/pages"}],"about":[{"href":"https:\/\/wihoyoga.com\/index.php?rest_route=\/wp\/v2\/types\/page"}],"author":[{"embeddable":true,"href":"https:\/\/wihoyoga.com\/index.php?rest_route=\/wp\/v2\/users\/4"}],"replies":[{"embeddable":true,"href":"https:\/\/wihoyoga.com\/index.php?rest_route=%2Fwp%2Fv2%2Fcomments&post=196"}],"version-history":[{"count":122,"href":"https:\/\/wihoyoga.com\/index.php?rest_route=\/wp\/v2\/pages\/196\/revisions"}],"predecessor-version":[{"id":1794,"href":"https:\/\/wihoyoga.com\/index.php?rest_route=\/wp\/v2\/pages\/196\/revisions\/1794"}],"wp:attachment":[{"href":"https:\/\/wihoyoga.com\/index.php?rest_route=%2Fwp%2Fv2%2Fmedia&parent=196"}],"curies":[{"name":"wp","href":"https:\/\/api.w.org\/{rel}","templated":true}]}}