{"id":1448,"date":"2023-11-26T18:51:50","date_gmt":"2023-11-26T17:51:50","guid":{"rendered":"https:\/\/wihoyoga.com\/?page_id=1448"},"modified":"2023-11-26T19:50:27","modified_gmt":"2023-11-26T18:50:27","slug":"referenzen","status":"publish","type":"page","link":"https:\/\/wihoyoga.com\/?page_id=1448","title":{"rendered":"Referenzen"},"content":{"rendered":"\n<h2 class=\"wp-block-heading\">Online-Yoga<\/h2>\n\n\n\n<p>Das Yoga bei Wiebke ist mein kleines Highlight am Freitag \u2013 es vitalisiert den K\u00f6rper und baut St\u00fcck f\u00fcr St\u00fcck eine gesunde innere K\u00f6rperspannung und Balance auf. Die \u00dcbungen sind sowohl \u201ef\u00fcr den K\u00f6rper verst\u00e4ndlich\u201c als auch mit ruhiger Stimme durchg\u00e4ngig pr\u00e4zise angeleitet. Ich habe problemlos ohne Vorkenntnisse begonnen. Die Intensit\u00e4t ist wohldosiert und durch die Trainierenden selbst dosierbar. Da ich nicht in Berlin lebe, hoffe ich, noch lange in den Online-Genuss kommen zu d\u00fcrfen. <strong>R. B<\/strong>. <strong>Yogasch\u00fclerin<\/strong> <strong>aus Hamburg, 2021<\/strong><\/p>\n\n\n\n<p>Das Bowspring Yoga mit Wiebke tut EINFACH TIERISCH GUT : ) Es ist wirklich einfach den \u00dcbungen nach der pr\u00e4zisen Anleitung von Wiebke zu folgen und es macht Spa\u00df den K\u00f6rper zu strecken und zu recken. Die Haltungen sind neben dem klassischen Yoga mit viel bildhafter Sprache und Assoziationen lustig und schwungvoll, wenn man z.B. wie ein Affe kopf\u00fcber die Arme baumeln l\u00e4sst \u2013 einfach tierisch gut. Dann lockern sich die Schultern nach dem vielen Sitzen vor dem Computer. Auch der R\u00fccken und Torso wird bei vielen gebogenen, puliserenden und komplement\u00e4ren \u00dcbungen in alle Richtungen im Raum gefordert und gest\u00e4rkt. Im Corona-Winter 2020\/21 ist der w\u00f6chentliche Online-Kurs bei Wiebke mein Lichtblick aus Berlin. <strong> F. F. Yogasch\u00fclerin aus K\u00f6ln<\/strong><\/p>\n\n\n\n<h2 class=\"wp-block-heading\">NOVAFILM <\/h2>\n\n\n\n<p>Bereits seit zwei Jahren leitet Wiebke Holler regelm\u00e4\u00dfig und \u00fcberaus zuverl\u00e4ssig unseren Betriebsyoga-Kurs. Wir sind sehr froh \u00fcber die kontinuierliche Zusammenarbeit und unsere dadurch verbesserte (R\u00fccken-)Gesundheit. Das dynamische Yogatraining ist gut f\u00fcr alle Mitarbeiter geeignet. Frau Hollers lebensfroher, pr\u00e4ziser Stil und ihr strukturierter Unterricht macht es auch weniger trainierten Kollegen jederzeit m\u00f6glich mitzumachen. Gleichzeitig sind alle Trainingsstufen gefordert. Abgesehen von der Verbesserung unserer Leistungsf\u00e4higkeit tut es auch dem Betriebsklima gut, zusammen Sport zu machen. Wir freuen uns auf weitere erquickende Yogastunden.                                                             <strong>Dr. R. Gr\u00e4be Gesch\u00e4ftsf\u00fchrer, 2018<\/strong><\/p>\n\n\n\n<h2 class=\"wp-block-heading\">BRAHMS GmbH\/ Thermo Fisher SCIENTIFIC<\/h2>\n\n\n\n<p>Im Rahmen unseres Firmen-Fitness Programms leitet Frau Wiebke Holler seit Februar 2015 jeweils dienstags zwei Yoga-Klassen (\u00e1 1h) in unserem Unternehmen. Ihr Unterricht besteht aus einer ausgewogenen Balance von R\u00fccken- und Faszien-Training, Achtsamkeits\u00fcbungen und Stressmanagement. Frau Holler geht in ihrem Training auf die Befindlichkeiten der einzelnen Teilnehmer ein und passt die \u00dcbungen entsprechen an. Ihre ruhige, inspirierende Art wirkt sich positiv auf ihre Kursteilnehmer aus, die sich immer wieder gerne zu den Kursen anmelden. Wir k\u00f6nnen die ausgesprochen positive und inspirierende Art des Yogaunterrichts von Frau Holler gerne weiterempfehlen. <strong>i.V. G. Wei\u00df, Human Resources Generalist, i.A. A. Hintermayr, Marketing Assistant Infectiology, 2018<\/strong><\/p>\n\n\n\n<h2 class=\"wp-block-heading\">Bowspring Yoga<\/h2>\n\n\n\n<p>Wiebkes Interesse am Bowspring ist seit Erscheinen des neuen Stils in der yogischen Welt ungebremst. Ihre Erfahrung als Lehrerin geht noch weiter zur\u00fcck. Ihre Praxis ist sehr genau und pr\u00e4zise, ihr sensibles K\u00f6rperverst\u00e4ndnis an der Art ihrer Setzungen ablesbar. Wer Wiebke praktizieren sieht, erkennt, dass sich hier ein Wissen um die inneren Zusammenh\u00e4nge des K\u00f6rpers niederschl\u00e4gt, ein Verstehen der Abl\u00e4ufe, aus dem sich kreativer Output bildet. Es ist ihr m\u00f6glich, auch neue Yogainteressierte an die Technik heranzuf\u00fchren, fordernd, aber auch detailliert und sensibel. Wir k\u00f6nnen sicher sein, dass Wiebke eine neue Farbe im Regenbogen der Bowspring-Practice einbringen wird. <strong>B. Schlickeisen, Bowspring Yoga Teacher, 2015<\/strong><\/p>\n\n\n\n<h2 class=\"wp-block-heading\">Yogatribe Berlin<\/h2>\n\n\n\n<p>Wiebke Holler hat ihre Leidenschaft und ihr Studium schon seit vielen Jahren dem Yoga gewidmet. Durch ihren liebevoll begleitenden Unterricht lernst du Yoga aus der Perspektive kennen, die dir pers\u00f6nlich am besten tut. Langfristig erlernst du Atemtechniken und Bewegungen, die du bei Bedarf immer wieder eigenst\u00e4ndig anwenden kannst. <strong>L. Gangemi, Studio Coordinator Yogatribe, 2014<\/strong><\/p>\n\n\n\n<h2 class=\"wp-block-heading\">YogaCircle Berlin Academy<\/h2>\n\n\n\n<p>Wiebke ist eine erfahrene und leidenschaftliche Yogalehrerin die mit viel Liebe und Hingabe Yoga praktiziert, lebt und ihr Wissen gerne mit anderen teilt. Anusara Yoga ist Hatha Yoga welches die Prinzipien der modernen Biomechanik in ihre Ausrichtung intergriert hat, somit ist man eher vor Verletzungen gesch\u00fctzt und bereits bestehende k\u00f6nnen besser kurieren. Besucht Wiebkes Unterricht in Berlin und \u00fcberzeugt euch von den energetisch geladenen, therapeutisch ausgerichteten und mit spielerischer Leichtigkeit durchgef\u00fchrten Yoga Klassen. enjoy! <strong>C. Rosenberg, Yogasch\u00fcler 2013<\/strong><\/p>\n","protected":false},"excerpt":{"rendered":"<p>Online-Yoga Das Yoga bei Wiebke ist mein kleines Highlight am Freitag \u2013 es vitalisiert den K\u00f6rper und baut St\u00fcck f\u00fcr St\u00fcck eine gesunde innere K\u00f6rperspannung und Balance auf. Die \u00dcbungen sind sowohl \u201ef\u00fcr den K\u00f6rper verst\u00e4ndlich\u201c als auch mit ruhiger Stimme durchg\u00e4ngig pr\u00e4zise angeleitet. Ich habe problemlos ohne Vorkenntnisse begonnen. Die Intensit\u00e4t ist wohldosiert und durch die Trainierenden selbst dosierbar. Da ich nicht in Berlin lebe, hoffe ich, noch lange in den Online-Genuss kommen zu d\u00fcrfen. R. B. Yogasch\u00fclerin aus Hamburg, 2021 Das Bowspring Yoga mit Wiebke tut EINFACH TIERISCH GUT : ) Es ist wirklich einfach den \u00dcbungen nach der pr\u00e4zisen Anleitung von Wiebke zu folgen und es macht Spa\u00df den K\u00f6rper zu strecken und zu recken. Die Haltungen sind neben dem klassischen Yoga mit viel bildhafter Sprache und Assoziationen lustig und schwungvoll, wenn man z.B. wie ein Affe kopf\u00fcber die Arme baumeln l\u00e4sst \u2013 einfach tierisch gut. Dann lockern sich die Schultern nach dem vielen Sitzen vor dem Computer. Auch der R\u00fccken und Torso wird bei vielen gebogenen, puliserenden und komplement\u00e4ren \u00dcbungen in alle Richtungen im Raum gefordert und gest\u00e4rkt. Im Corona-Winter 2020\/21 ist der w\u00f6chentliche Online-Kurs bei Wiebke mein Lichtblick aus Berlin. F. F. Yogasch\u00fclerin aus K\u00f6ln NOVAFILM Bereits seit zwei Jahren leitet Wiebke Holler regelm\u00e4\u00dfig und \u00fcberaus zuverl\u00e4ssig unseren Betriebsyoga-Kurs. Wir sind sehr froh \u00fcber die kontinuierliche Zusammenarbeit und unsere dadurch verbesserte (R\u00fccken-)Gesundheit. Das dynamische Yogatraining ist gut f\u00fcr alle Mitarbeiter geeignet. Frau Hollers lebensfroher, pr\u00e4ziser Stil und ihr strukturierter Unterricht macht es auch weniger trainierten Kollegen jederzeit m\u00f6glich mitzumachen. Gleichzeitig sind alle Trainingsstufen gefordert. Abgesehen von der Verbesserung unserer Leistungsf\u00e4higkeit tut es auch dem Betriebsklima gut, zusammen Sport zu machen. Wir freuen uns auf weitere erquickende Yogastunden. Dr. R. Gr\u00e4be Gesch\u00e4ftsf\u00fchrer, 2018 BRAHMS GmbH\/ Thermo Fisher SCIENTIFIC Im Rahmen unseres Firmen-Fitness Programms leitet Frau Wiebke Holler seit Februar 2015 jeweils dienstags zwei Yoga-Klassen (\u00e1 1h) in unserem Unternehmen. Ihr Unterricht besteht aus einer ausgewogenen Balance von R\u00fccken- und Faszien-Training, Achtsamkeits\u00fcbungen und Stressmanagement. Frau Holler geht in ihrem Training auf die Befindlichkeiten der einzelnen Teilnehmer ein und passt die \u00dcbungen entsprechen an. Ihre ruhige, inspirierende Art wirkt sich positiv auf ihre Kursteilnehmer aus, die sich immer wieder gerne zu den Kursen anmelden. Wir k\u00f6nnen die ausgesprochen positive und inspirierende Art des Yogaunterrichts von Frau Holler gerne weiterempfehlen. i.V. G. Wei\u00df, Human Resources Generalist, i.A. A. Hintermayr, Marketing Assistant Infectiology, 2018 Bowspring Yoga Wiebkes Interesse am Bowspring ist seit Erscheinen des neuen Stils in der yogischen Welt ungebremst. Ihre Erfahrung als Lehrerin geht noch weiter zur\u00fcck. Ihre Praxis ist sehr genau und pr\u00e4zise, ihr sensibles K\u00f6rperverst\u00e4ndnis an der Art ihrer Setzungen ablesbar. Wer Wiebke praktizieren sieht, erkennt, dass sich hier ein Wissen um die inneren Zusammenh\u00e4nge des K\u00f6rpers niederschl\u00e4gt, ein Verstehen der Abl\u00e4ufe, aus dem sich kreativer Output bildet. Es ist ihr m\u00f6glich, auch neue Yogainteressierte an die Technik heranzuf\u00fchren, fordernd, aber auch detailliert und sensibel. Wir k\u00f6nnen sicher sein, dass Wiebke eine neue Farbe im Regenbogen der Bowspring-Practice einbringen wird. B. Schlickeisen, Bowspring Yoga Teacher, 2015 Yogatribe Berlin Wiebke Holler hat ihre Leidenschaft und ihr Studium schon seit vielen Jahren dem Yoga gewidmet. Durch ihren liebevoll begleitenden Unterricht lernst du Yoga aus der Perspektive kennen, die dir pers\u00f6nlich am besten tut. Langfristig erlernst du Atemtechniken und Bewegungen, die du bei Bedarf immer wieder eigenst\u00e4ndig anwenden kannst. L. Gangemi, Studio Coordinator Yogatribe, 2014 YogaCircle Berlin Academy Wiebke ist eine erfahrene und leidenschaftliche Yogalehrerin die mit viel Liebe und Hingabe Yoga praktiziert, lebt und ihr Wissen gerne mit anderen teilt. Anusara Yoga ist Hatha Yoga welches die Prinzipien der modernen Biomechanik in ihre Ausrichtung intergriert hat, somit ist man eher vor Verletzungen gesch\u00fctzt und bereits bestehende k\u00f6nnen besser kurieren. Besucht Wiebkes Unterricht in Berlin und \u00fcberzeugt euch von den energetisch geladenen, therapeutisch ausgerichteten und mit spielerischer Leichtigkeit durchgef\u00fchrten Yoga Klassen. enjoy! C. Rosenberg, Yogasch\u00fcler 2013<\/p>\n","protected":false},"author":5,"featured_media":0,"parent":0,"menu_order":0,"comment_status":"closed","ping_status":"closed","template":"","meta":{"ngg_post_thumbnail":0,"footnotes":""},"class_list":["post-1448","page","type-page","status-publish","hentry"],"_links":{"self":[{"href":"https:\/\/wihoyoga.com\/index.php?rest_route=\/wp\/v2\/pages\/1448","targetHints":{"allow":["GET"]}}],"collection":[{"href":"https:\/\/wihoyoga.com\/index.php?rest_route=\/wp\/v2\/pages"}],"about":[{"href":"https:\/\/wihoyoga.com\/index.php?rest_route=\/wp\/v2\/types\/page"}],"author":[{"embeddable":true,"href":"https:\/\/wihoyoga.com\/index.php?rest_route=\/wp\/v2\/users\/5"}],"replies":[{"embeddable":true,"href":"https:\/\/wihoyoga.com\/index.php?rest_route=%2Fwp%2Fv2%2Fcomments&post=1448"}],"version-history":[{"count":10,"href":"https:\/\/wihoyoga.com\/index.php?rest_route=\/wp\/v2\/pages\/1448\/revisions"}],"predecessor-version":[{"id":1472,"href":"https:\/\/wihoyoga.com\/index.php?rest_route=\/wp\/v2\/pages\/1448\/revisions\/1472"}],"wp:attachment":[{"href":"https:\/\/wihoyoga.com\/index.php?rest_route=%2Fwp%2Fv2%2Fmedia&parent=1448"}],"curies":[{"name":"wp","href":"https:\/\/api.w.org\/{rel}","templated":true}]}}